{"id":3867,"date":"2020-07-15T15:12:18","date_gmt":"2020-07-15T08:12:18","guid":{"rendered":"https:\/\/thehamptons-hotram.com\/?page_id=3867"},"modified":"2021-02-01T11:55:08","modified_gmt":"2021-02-01T04:55:08","slug":"around-melia","status":"publish","type":"page","link":"https:\/\/thehamptons-hotram.com\/en\/services-amenities\/around-melia\/","title":{"rendered":"Around Meli\u00e1"},"content":{"rendered":"\t\t<div data-elementor-type=\"wp-page\" data-elementor-id=\"3867\" class=\"elementor elementor-3867\">\n\t\t\t\t\t\t<section class=\"elementor-section elementor-top-section elementor-element elementor-element-8a42b0a elementor-section-full_width elementor-section-height-min-height elementor-section-height-default elementor-section-items-middle\" data-id=\"8a42b0a\" data-element_type=\"section\" data-settings=\"{&quot;background_background&quot;:&quot;classic&quot;}\">\n\t\t\t\t\t\t\t<div class=\"elementor-background-overlay\"><\/div>\n\t\t\t\t\t\t\t<div class=\"elementor-container elementor-column-gap-default\">\n\t\t\t\t\t<div class=\"elementor-column elementor-col-100 elementor-top-column elementor-element elementor-element-1c6491e\" data-id=\"1c6491e\" data-element_type=\"column\">\n\t\t\t<div class=\"elementor-widget-wrap elementor-element-populated\">\n\t\t\t\t\t\t<div class=\"elementor-element elementor-element-c6638bc elementor-widget elementor-widget-pp-breadcrumbs\" data-id=\"c6638bc\" data-element_type=\"widget\" data-settings=\"{&quot;breadcrumbs_type&quot;:&quot;powerpack&quot;}\" data-widget_type=\"pp-breadcrumbs.default\">\n\t\t\t\t<div class=\"elementor-widget-container\">\n\t\t\t<ul class=\"pp-breadcrumbs pp-breadcrumbs-powerpack\">\t\t<li class=\"pp-breadcrumbs-item pp-breadcrumbs-item-home\">\n\t\t\t<a class=\"pp-breadcrumbs-crumb pp-breadcrumbs-crumb-link pp-breadcrumbs-crumb-home\" href=\"https:\/\/thehamptons-hotram.com\/en\/\" title=\"Home\">\n\t\t\t\t<span class=\"pp-breadcrumbs-text\">\n\t\t\t\t\t\t\t\t\t\t\t<span class=\"pp-icon\">\n\t\t\t\t\t\t\t<svg aria-hidden=\"true\" class=\"e-font-icon-svg e-fas-home\" viewBox=\"0 0 576 512\" xmlns=\"http:\/\/www.w3.org\/2000\/svg\"><path d=\"M280.37 148.26L96 300.11V464a16 16 0 0 0 16 16l112.06-.29a16 16 0 0 0 15.92-16V368a16 16 0 0 1 16-16h64a16 16 0 0 1 16 16v95.64a16 16 0 0 0 16 16.05L464 480a16 16 0 0 0 16-16V300L295.67 148.26a12.19 12.19 0 0 0-15.3 0zM571.6 251.47L488 182.56V44.05a12 12 0 0 0-12-12h-56a12 12 0 0 0-12 12v72.61L318.47 43a48 48 0 0 0-61 0L4.34 251.47a12 12 0 0 0-1.6 16.9l25.5 31A12 12 0 0 0 45.15 301l235.22-193.74a12.19 12.19 0 0 1 15.3 0L530.9 301a12 12 0 0 0 16.9-1.6l25.5-31a12 12 0 0 0-1.7-16.93z\"><\/path><\/svg>\t\t\t\t\t\t<\/span>\n\t\t\t\t\t\t\t\t\t\tHome\t\t\t\t<\/span>\n\t\t\t<\/a>\n\t\t<\/li>\n\t\t<li class=\"pp-breadcrumbs-separator\">\t\t\t\t<span class='pp-separator-icon pp-icon'>\n\t\t\t\t\t<svg aria-hidden=\"true\" class=\"e-font-icon-svg e-fas-angle-right\" viewBox=\"0 0 256 512\" xmlns=\"http:\/\/www.w3.org\/2000\/svg\"><path d=\"M224.3 273l-136 136c-9.4 9.4-24.6 9.4-33.9 0l-22.6-22.6c-9.4-9.4-9.4-24.6 0-33.9l96.4-96.4-96.4-96.4c-9.4-9.4-9.4-24.6 0-33.9L54.3 103c9.4-9.4 24.6-9.4 33.9 0l136 136c9.5 9.4 9.5 24.6.1 34z\"><\/path><\/svg>\t\t\t\t<\/span>\n\t\t\t\t<\/li><\/ul>\t\t<\/div>\n\t\t\t\t<\/div>\n\t\t\t\t\t<\/div>\n\t\t<\/div>\n\t\t\t\t\t<\/div>\n\t\t<\/section>\n\t\t\t\t<section class=\"elementor-section elementor-top-section elementor-element elementor-element-1c05048 wgl-add-background-text elementor-section-boxed elementor-section-height-default elementor-section-height-default wgl-animation-background-text\" data-id=\"1c05048\" data-element_type=\"section\">\n\t\t\t\t\t\t<div class=\"elementor-container elementor-column-gap-default\">\n\t\t\t\t\t<div class=\"elementor-column elementor-col-100 elementor-top-column elementor-element elementor-element-c4e2fe1\" data-id=\"c4e2fe1\" data-element_type=\"column\">\n\t\t\t<div class=\"elementor-widget-wrap elementor-element-populated\">\n\t\t\t\t\t\t<div class=\"elementor-element elementor-element-c9bb46c acenter elementor-widget elementor-widget-wgl-double-headings\" data-id=\"c9bb46c\" data-element_type=\"widget\" data-widget_type=\"wgl-double-headings.default\">\n\t\t\t\t<div class=\"elementor-widget-container\">\n\t\t\t<div class=\"wgl-double_heading\">                <h3 class=\"dbl-title_wrapper\"><span class=\"dbl-title dbl-title_1\">\u0110i\u1ec3m \u0110\u1ebfn<\/span> <span class=\"dbl-title dbl-title_2\">Ho\u00e0n H\u1ea3o<\/span>                 <\/h3>        <\/div>\t\t<\/div>\n\t\t\t\t<\/div>\n\t\t\t\t\t<\/div>\n\t\t<\/div>\n\t\t\t\t\t<\/div>\n\t\t<\/section>\n\t\t\t\t<section class=\"elementor-section elementor-top-section elementor-element elementor-element-7ba874f elementor-section-boxed elementor-section-height-default elementor-section-height-default\" data-id=\"7ba874f\" data-element_type=\"section\">\n\t\t\t\t\t\t<div class=\"elementor-container elementor-column-gap-default\">\n\t\t\t\t\t<div class=\"elementor-column elementor-col-100 elementor-top-column elementor-element elementor-element-dfcccca\" data-id=\"dfcccca\" data-element_type=\"column\">\n\t\t\t<div class=\"elementor-widget-wrap elementor-element-populated\">\n\t\t\t\t\t\t<div class=\"elementor-element elementor-element-cd83c76 elementor-widget elementor-widget-text-editor\" data-id=\"cd83c76\" data-element_type=\"widget\" data-widget_type=\"text-editor.default\">\n\t\t\t\t<div class=\"elementor-widget-container\">\n\t\t\t\t\t\t\t<p>Tr\u1ea3i nghi\u1ec7m ti\u00eau chu\u1ea9n s\u1ed1ng v\u00e0 ngh\u1ec9 d\u01b0\u1ee1ng sang tr\u1ecdng t\u1ea1i Meli\u00e1 H\u1ed3 Tr\u00e0m, th\u1ec3 hi\u1ec7n qua c\u00e1c d\u1ecbch v\u1ee5 xung quanh Meli\u00e1. Ch\u1ec9 m\u1ea5t v\u00e0i ph\u00fat l\u00e1i xe, b\u1ea1n c\u00f3 th\u1ec3 tham gia c\u00e1c ho\u1ea1t \u0111\u1ed9ng kh\u00e1c t\u1ea1i H\u1ed3 Tr\u00e0m nh\u01b0 ch\u1ee3 h\u1ea3i s\u1ea3n, casino, s\u00e2n golf, khu b\u1ea3o t\u1ed3n thi\u00ean nhi\u00ean v\u00e0 su\u1ed1i n\u01b0\u1edbc n\u00f3ng.<\/p>\t\t\t\t\t\t<\/div>\n\t\t\t\t<\/div>\n\t\t\t\t\t<\/div>\n\t\t<\/div>\n\t\t\t\t\t<\/div>\n\t\t<\/section>\n\t\t\t\t<section class=\"elementor-section elementor-top-section elementor-element elementor-element-7415f47 elementor-section-boxed elementor-section-height-default elementor-section-height-default\" data-id=\"7415f47\" data-element_type=\"section\">\n\t\t\t\t\t\t<div class=\"elementor-container elementor-column-gap-default\">\n\t\t\t\t\t<div class=\"elementor-column elementor-col-100 elementor-top-column elementor-element elementor-element-e896ea8\" data-id=\"e896ea8\" data-element_type=\"column\">\n\t\t\t<div class=\"elementor-widget-wrap elementor-element-populated\">\n\t\t\t\t\t\t<div class=\"elementor-element elementor-element-e53f50f elementor-widget elementor-widget-slider_revolution\" data-id=\"e53f50f\" data-element_type=\"widget\" data-widget_type=\"slider_revolution.default\">\n\t\t\t\t<div class=\"elementor-widget-container\">\n\t\t\t\n\t\t<div class=\"wp-block-themepunch-revslider\">\n\t\t\t<!-- START Around Melia REVOLUTION SLIDER 6.6.18 --><p class=\"rs-p-wp-fix\"><\/p>\n\t\t\t<rs-module-wrap id=\"rev_slider_58_1_wrapper\" data-source=\"gallery\" style=\"visibility:hidden;background:#ffffff;padding:0;margin:0px auto;margin-top:0;margin-bottom:0;\">\n\t\t\t\t<rs-module id=\"rev_slider_58_1\" style=\"\" data-version=\"6.6.18\">\n\t\t\t\t\t<rs-slides style=\"overflow: hidden; position: absolute;\">\n\t\t\t\t\t\t<rs-slide style=\"position: absolute;\" data-key=\"rs-212\" data-title=\"Raw Cityscape\" data-thumb=\"\/\/thehamptons-hotram.com\/2020\/wp-content\/uploads\/2020\/07\/shutterstock_1334607449-scaled.jpg\" data-link=\"\/\/thehamptons-hotram.com\/2020\/services-amenities\/around-melia\/seafood-market\/\" data-tag=\"l\" data-target=\"_self\" data-seoz=\"front\" data-anim=\"ms:600;r:0;\" data-in=\"o:0;\" data-out=\"a:false;\" data-p1=\"Photography\">\n\t\t\t\t\t\t\t<img fetchpriority=\"high\" decoding=\"async\" src=\"\/\/thehamptons-hotram.com\/wp-content\/plugins\/revslider\/public\/assets\/assets\/dummy.png\" alt=\"\" title=\"shutterstock_1334607449\" width=\"2560\" height=\"1707\" class=\"rev-slidebg tp-rs-img rs-lazyload\" data-lazyload=\"\/\/thehamptons-hotram.com\/2020\/wp-content\/uploads\/2020\/07\/shutterstock_1334607449-scaled.jpg\" data-panzoom=\"d:30000;ss:100;se:120;\" data-no-retina>\n<!--\n\t\t\t\t\t\t\t--><a\n\t\t\t\t\t\t\t\tid=\"slider-58-slide-212-layer-1\" \n\t\t\t\t\t\t\t\tclass=\"rs-layer\"\n\t\t\t\t\t\t\t\thref=\"#\" target=\"_self\"\n\t\t\t\t\t\t\t\tdata-type=\"text\"\n\t\t\t\t\t\t\t\tdata-color=\"rgba(255,255,255,1)\"\n\t\t\t\t\t\t\t\tdata-rsp_ch=\"on\"\n\t\t\t\t\t\t\t\tdata-xy=\"xo:42px,40px,30px,20px;y:b;yo:90px,90px,79px,99px;\"\n\t\t\t\t\t\t\t\tdata-text=\"w:normal;s:40,40,25,20;l:40,40,25,20;fw:500;\"\n\t\t\t\t\t\t\t\tdata-dim=\"w:580px,480px,340px,260px;\"\n\t\t\t\t\t\t\t\tdata-basealign=\"slide\"\n\t\t\t\t\t\t\t\tdata-frame_0=\"y:20px;\"\n\t\t\t\t\t\t\t\tdata-frame_1=\"x:-2px,0,0,0;y:39px,0,0,0;e:power4.out;st:200;sp:2000;\"\n\t\t\t\t\t\t\t\tdata-frame_999=\"o:0;e:nothing;st:w;\"\n\t\t\t\t\t\t\t\tstyle=\"z-index:8;font-family:'Roboto';\"\n\t\t\t\t\t\t\t>Seafood Market \n\t\t\t\t\t\t\t<\/a><!--\n\n\t\t\t\t\t\t\t--><rs-layer\n\t\t\t\t\t\t\t\tid=\"slider-58-slide-212-layer-2\" \n\t\t\t\t\t\t\t\tclass=\"tp-gradientstyle tp-shape tp-shapewrapper\"\n\t\t\t\t\t\t\t\tdata-type=\"shape\"\n\t\t\t\t\t\t\t\tdata-rsp_ch=\"on\"\n\t\t\t\t\t\t\t\tdata-xy=\"x:c;y:b;\"\n\t\t\t\t\t\t\t\tdata-text=\"fw:500;\"\n\t\t\t\t\t\t\t\tdata-dim=\"w:100%;h:200px,200px,200px,250px;\"\n\t\t\t\t\t\t\t\tdata-basealign=\"slide\"\n\t\t\t\t\t\t\t\tdata-frame_0=\"y:50px;\"\n\t\t\t\t\t\t\t\tdata-frame_1=\"e:power4.out;sp:2000;\"\n\t\t\t\t\t\t\t\tdata-frame_999=\"o:0;e:nothing;st:w;\"\n\t\t\t\t\t\t\t\tstyle=\"z-index:10;\"\n\t\t\t\t\t\t\t> \n\t\t\t\t\t\t\t<\/rs-layer><!--\n-->\t\t\t\t\t\t<\/rs-slide>\n\t\t\t\t\t\t<rs-slide style=\"position: absolute;\" data-key=\"rs-213\" data-title=\"Raw Cityscape\" data-thumb=\"\/\/thehamptons-hotram.com\/2020\/wp-content\/uploads\/2020\/07\/dinh-nghia-casino-la-gi.jpg\" data-link=\"\/\/thehamptons-hotram.com\/2020\/services-amenities\/around-melia\/casino\/\" data-tag=\"l\" data-target=\"_self\" data-seoz=\"front\" data-anim=\"ms:600;r:0;\" data-in=\"o:0;\" data-out=\"a:false;\" data-p1=\"Photography\">\n\t\t\t\t\t\t\t<img decoding=\"async\" src=\"\/\/thehamptons-hotram.com\/wp-content\/plugins\/revslider\/public\/assets\/assets\/dummy.png\" alt=\"\" title=\"dinh-nghia-casino-la-gi\" width=\"1444\" height=\"955\" class=\"rev-slidebg tp-rs-img rs-lazyload\" data-lazyload=\"\/\/thehamptons-hotram.com\/2020\/wp-content\/uploads\/2020\/07\/dinh-nghia-casino-la-gi.jpg\" data-panzoom=\"d:30000;ss:100;se:120;\" data-no-retina>\n<!--\n\t\t\t\t\t\t\t--><a\n\t\t\t\t\t\t\t\tid=\"slider-58-slide-213-layer-1\" \n\t\t\t\t\t\t\t\tclass=\"rs-layer\"\n\t\t\t\t\t\t\t\thref=\"#\" target=\"_self\"\n\t\t\t\t\t\t\t\tdata-type=\"text\"\n\t\t\t\t\t\t\t\tdata-color=\"rgba(255,255,255,1)\"\n\t\t\t\t\t\t\t\tdata-rsp_ch=\"on\"\n\t\t\t\t\t\t\t\tdata-xy=\"xo:39px,40px,30px,20px;y:b;yo:56px,90px,79px,99px;\"\n\t\t\t\t\t\t\t\tdata-text=\"w:normal;s:40,40,25,20;l:40,40,25,20;fw:500;\"\n\t\t\t\t\t\t\t\tdata-dim=\"w:580px,480px,340px,260px;\"\n\t\t\t\t\t\t\t\tdata-basealign=\"slide\"\n\t\t\t\t\t\t\t\tdata-frame_0=\"y:20px;\"\n\t\t\t\t\t\t\t\tdata-frame_1=\"e:power4.out;st:200;sp:2000;\"\n\t\t\t\t\t\t\t\tdata-frame_999=\"o:0;e:nothing;st:w;\"\n\t\t\t\t\t\t\t\tstyle=\"z-index:6;font-family:'Roboto';\"\n\t\t\t\t\t\t\t>Casino \n\t\t\t\t\t\t\t<\/a><!--\n\n\t\t\t\t\t\t\t--><rs-layer\n\t\t\t\t\t\t\t\tid=\"slider-58-slide-213-layer-2\" \n\t\t\t\t\t\t\t\tclass=\"tp-gradientstyle tp-shape tp-shapewrapper\"\n\t\t\t\t\t\t\t\tdata-type=\"shape\"\n\t\t\t\t\t\t\t\tdata-rsp_ch=\"on\"\n\t\t\t\t\t\t\t\tdata-xy=\"x:c;y:b;\"\n\t\t\t\t\t\t\t\tdata-text=\"fw:500;\"\n\t\t\t\t\t\t\t\tdata-dim=\"w:100%;h:200px,200px,200px,250px;\"\n\t\t\t\t\t\t\t\tdata-basealign=\"slide\"\n\t\t\t\t\t\t\t\tdata-frame_0=\"y:50px;\"\n\t\t\t\t\t\t\t\tdata-frame_1=\"e:power4.out;sp:2000;\"\n\t\t\t\t\t\t\t\tdata-frame_999=\"o:0;e:nothing;st:w;\"\n\t\t\t\t\t\t\t\tstyle=\"z-index:5;\"\n\t\t\t\t\t\t\t> \n\t\t\t\t\t\t\t<\/rs-layer><!--\n-->\t\t\t\t\t\t<\/rs-slide>\n\t\t\t\t\t\t<rs-slide style=\"position: absolute;\" data-key=\"rs-214\" data-title=\"Raw Cityscape\" data-thumb=\"\/\/thehamptons-hotram.com\/2020\/wp-content\/uploads\/2020\/07\/shutterstock_223336375.jpg\" data-link=\"\/\/thehamptons-hotram.com\/2020\/services-amenities\/around-melia\/the-bluffs-golf-course\/\" data-tag=\"l\" data-target=\"_self\" data-seoz=\"front\" data-anim=\"ms:600;r:0;\" data-in=\"o:0;\" data-out=\"a:false;\" data-p1=\"Photography\">\n\t\t\t\t\t\t\t<img decoding=\"async\" src=\"\/\/thehamptons-hotram.com\/wp-content\/plugins\/revslider\/public\/assets\/assets\/dummy.png\" alt=\"\" title=\"shutterstock_223336375\" width=\"2475\" height=\"1652\" class=\"rev-slidebg tp-rs-img rs-lazyload\" data-lazyload=\"\/\/thehamptons-hotram.com\/2020\/wp-content\/uploads\/2020\/07\/shutterstock_223336375.jpg\" data-panzoom=\"d:30000;ss:100;se:120;\" data-no-retina>\n<!--\n\t\t\t\t\t\t\t--><a\n\t\t\t\t\t\t\t\tid=\"slider-58-slide-214-layer-1\" \n\t\t\t\t\t\t\t\tclass=\"rs-layer\"\n\t\t\t\t\t\t\t\thref=\"#\" target=\"_self\"\n\t\t\t\t\t\t\t\tdata-type=\"button\"\n\t\t\t\t\t\t\t\tdata-color=\"rgba(255,255,255,1)\"\n\t\t\t\t\t\t\t\tdata-rsp_ch=\"on\"\n\t\t\t\t\t\t\t\tdata-xy=\"xo:41px,40px,30px,20px;y:b;yo:53px,90px,79px,99px;\"\n\t\t\t\t\t\t\t\tdata-text=\"w:normal;s:40,40,25,20;l:40,40,25,20;fw:500;\"\n\t\t\t\t\t\t\t\tdata-dim=\"w:580px,480px,340px,260px;\"\n\t\t\t\t\t\t\t\tdata-basealign=\"slide\"\n\t\t\t\t\t\t\t\tdata-frame_0=\"y:20px;\"\n\t\t\t\t\t\t\t\tdata-frame_1=\"e:power4.out;st:200;sp:2000;\"\n\t\t\t\t\t\t\t\tdata-frame_999=\"o:0;e:nothing;st:w;\"\n\t\t\t\t\t\t\t\tstyle=\"z-index:6;font-family:'Roboto';\"\n\t\t\t\t\t\t\t>THE BLUFFS\nGOLF COURSE \n\t\t\t\t\t\t\t<\/a><!--\n\n\t\t\t\t\t\t\t--><rs-layer\n\t\t\t\t\t\t\t\tid=\"slider-58-slide-214-layer-2\" \n\t\t\t\t\t\t\t\tclass=\"tp-gradientstyle tp-shape tp-shapewrapper\"\n\t\t\t\t\t\t\t\tdata-type=\"shape\"\n\t\t\t\t\t\t\t\tdata-rsp_ch=\"on\"\n\t\t\t\t\t\t\t\tdata-xy=\"x:c;y:b;\"\n\t\t\t\t\t\t\t\tdata-text=\"fw:500;\"\n\t\t\t\t\t\t\t\tdata-dim=\"w:100%;h:200px,200px,200px,250px;\"\n\t\t\t\t\t\t\t\tdata-basealign=\"slide\"\n\t\t\t\t\t\t\t\tdata-frame_0=\"y:50px;\"\n\t\t\t\t\t\t\t\tdata-frame_1=\"e:power4.out;sp:2000;\"\n\t\t\t\t\t\t\t\tdata-frame_999=\"o:0;e:nothing;st:w;\"\n\t\t\t\t\t\t\t\tstyle=\"z-index:5;\"\n\t\t\t\t\t\t\t> \n\t\t\t\t\t\t\t<\/rs-layer><!--\n-->\t\t\t\t\t\t<\/rs-slide>\n\t\t\t\t\t\t<rs-slide style=\"position: absolute;\" data-key=\"rs-216\" data-title=\"Raw Cityscape\" data-thumb=\"\/\/thehamptons-hotram.com\/2020\/wp-content\/uploads\/2020\/07\/DSC0390.jpg\" data-link=\"\/\/thehamptons-hotram.com\/2020\/services-amenities\/around-melia\/binh-chau-phuoc-buu-conservation-area\/\" data-tag=\"l\" data-target=\"_self\" data-seoz=\"front\" data-anim=\"ms:600;r:0;\" data-in=\"o:0;\" data-out=\"a:false;\" data-p1=\"Photography\">\n\t\t\t\t\t\t\t<img loading=\"lazy\" decoding=\"async\" src=\"\/\/thehamptons-hotram.com\/wp-content\/plugins\/revslider\/public\/assets\/assets\/dummy.png\" alt=\"\" title=\"_DSC0390\" width=\"1988\" height=\"1326\" class=\"rev-slidebg tp-rs-img rs-lazyload\" data-lazyload=\"\/\/thehamptons-hotram.com\/2020\/wp-content\/uploads\/2020\/07\/DSC0390.jpg\" data-panzoom=\"d:30000;ss:100;se:120;\" data-no-retina>\n<!--\n\t\t\t\t\t\t\t--><a\n\t\t\t\t\t\t\t\tid=\"slider-58-slide-216-layer-1\" \n\t\t\t\t\t\t\t\tclass=\"rs-layer\"\n\t\t\t\t\t\t\t\thref=\"#\" target=\"_self\"\n\t\t\t\t\t\t\t\tdata-type=\"text\"\n\t\t\t\t\t\t\t\tdata-color=\"rgba(255,255,255,1)\"\n\t\t\t\t\t\t\t\tdata-rsp_ch=\"on\"\n\t\t\t\t\t\t\t\tdata-xy=\"xo:39px,40px,30px,20px;y:b;yo:56px,90px,79px,99px;\"\n\t\t\t\t\t\t\t\tdata-text=\"w:normal;s:40,40,25,20;l:40,40,25,20;fw:500;\"\n\t\t\t\t\t\t\t\tdata-dim=\"w:868px,480px,340px,260px;h:42px,auto,auto,auto;\"\n\t\t\t\t\t\t\t\tdata-basealign=\"slide\"\n\t\t\t\t\t\t\t\tdata-frame_0=\"y:20px;\"\n\t\t\t\t\t\t\t\tdata-frame_1=\"e:power4.out;st:200;sp:2000;\"\n\t\t\t\t\t\t\t\tdata-frame_999=\"o:0;e:nothing;st:w;\"\n\t\t\t\t\t\t\t\tstyle=\"z-index:6;font-family:'Roboto';\"\n\t\t\t\t\t\t\t>BINH CHAU\nPHUOC BUU\nCONSERVATION AREA \n\t\t\t\t\t\t\t<\/a><!--\n\n\t\t\t\t\t\t\t--><rs-layer\n\t\t\t\t\t\t\t\tid=\"slider-58-slide-216-layer-2\" \n\t\t\t\t\t\t\t\tclass=\"tp-gradientstyle tp-shape tp-shapewrapper\"\n\t\t\t\t\t\t\t\tdata-type=\"shape\"\n\t\t\t\t\t\t\t\tdata-rsp_ch=\"on\"\n\t\t\t\t\t\t\t\tdata-xy=\"x:c;y:b;\"\n\t\t\t\t\t\t\t\tdata-text=\"fw:500;\"\n\t\t\t\t\t\t\t\tdata-dim=\"w:100%;h:200px,200px,200px,250px;\"\n\t\t\t\t\t\t\t\tdata-basealign=\"slide\"\n\t\t\t\t\t\t\t\tdata-frame_0=\"y:50px;\"\n\t\t\t\t\t\t\t\tdata-frame_1=\"e:power4.out;sp:2000;\"\n\t\t\t\t\t\t\t\tdata-frame_999=\"o:0;e:nothing;st:w;\"\n\t\t\t\t\t\t\t\tstyle=\"z-index:5;\"\n\t\t\t\t\t\t\t> \n\t\t\t\t\t\t\t<\/rs-layer><!--\n-->\t\t\t\t\t\t<\/rs-slide>\n\t\t\t\t\t\t<rs-slide style=\"position: absolute;\" data-key=\"rs-215\" data-title=\"Raw Cityscape\" data-thumb=\"\/\/thehamptons-hotram.com\/2020\/wp-content\/uploads\/2020\/07\/banner-gioi-thieu-video-15913345592201628143681.jpg\" data-link=\"\/\/thehamptons-hotram.com\/2020\/services-amenities\/around-melia\/binh-chau-hot-spring\/\" data-tag=\"l\" data-target=\"_self\" data-seoz=\"front\" data-anim=\"ms:600;r:0;\" data-in=\"o:0;\" data-out=\"a:false;\" data-p1=\"Photography\">\n\t\t\t\t\t\t\t<img decoding=\"async\" src=\"\/\/thehamptons-hotram.com\/wp-content\/plugins\/revslider\/public\/assets\/assets\/dummy.png\" alt=\"\" class=\"rev-slidebg tp-rs-img rs-lazyload\" data-lazyload=\"\/\/thehamptons-hotram.com\/2020\/wp-content\/uploads\/2020\/07\/banner-gioi-thieu-video-15913345592201628143681.jpg\" data-panzoom=\"d:30000;ss:100;se:120;\" data-no-retina>\n<!--\n\t\t\t\t\t\t\t--><a\n\t\t\t\t\t\t\t\tid=\"slider-58-slide-215-layer-1\" \n\t\t\t\t\t\t\t\tclass=\"rs-layer\"\n\t\t\t\t\t\t\t\thref=\"#\" target=\"_self\"\n\t\t\t\t\t\t\t\tdata-type=\"text\"\n\t\t\t\t\t\t\t\tdata-color=\"rgba(255,255,255,1)\"\n\t\t\t\t\t\t\t\tdata-rsp_ch=\"on\"\n\t\t\t\t\t\t\t\tdata-xy=\"xo:42px,40px,30px,20px;y:b;yo:55px,90px,79px,99px;\"\n\t\t\t\t\t\t\t\tdata-text=\"w:normal;s:40,40,25,20;l:40,40,25,20;fw:500;\"\n\t\t\t\t\t\t\t\tdata-dim=\"w:580px,480px,340px,260px;\"\n\t\t\t\t\t\t\t\tdata-basealign=\"slide\"\n\t\t\t\t\t\t\t\tdata-frame_0=\"y:20px;\"\n\t\t\t\t\t\t\t\tdata-frame_1=\"e:power4.out;st:200;sp:2000;\"\n\t\t\t\t\t\t\t\tdata-frame_999=\"o:0;e:nothing;st:w;\"\n\t\t\t\t\t\t\t\tstyle=\"z-index:6;font-family:'Roboto';\"\n\t\t\t\t\t\t\t>BINH CHAU\nHOT SPRING \n\t\t\t\t\t\t\t<\/a><!--\n\n\t\t\t\t\t\t\t--><rs-layer\n\t\t\t\t\t\t\t\tid=\"slider-58-slide-215-layer-2\" \n\t\t\t\t\t\t\t\tclass=\"tp-gradientstyle tp-shape tp-shapewrapper\"\n\t\t\t\t\t\t\t\tdata-type=\"shape\"\n\t\t\t\t\t\t\t\tdata-rsp_ch=\"on\"\n\t\t\t\t\t\t\t\tdata-xy=\"x:c;y:b;\"\n\t\t\t\t\t\t\t\tdata-text=\"fw:500;\"\n\t\t\t\t\t\t\t\tdata-dim=\"w:100%;h:200px,200px,200px,250px;\"\n\t\t\t\t\t\t\t\tdata-basealign=\"slide\"\n\t\t\t\t\t\t\t\tdata-frame_0=\"y:50px;\"\n\t\t\t\t\t\t\t\tdata-frame_1=\"e:power4.out;sp:2000;\"\n\t\t\t\t\t\t\t\tdata-frame_999=\"o:0;e:nothing;st:w;\"\n\t\t\t\t\t\t\t\tstyle=\"z-index:5;\"\n\t\t\t\t\t\t\t> \n\t\t\t\t\t\t\t<\/rs-layer><!--\n-->\t\t\t\t\t\t<\/rs-slide>\n\t\t\t\t\t<\/rs-slides>\n\t\t\t\t\t<rs-static-layers><!--\n\t\t\t\t\t--><\/rs-static-layers>\n\t\t\t\t<\/rs-module>\n\t\t\t\t<script>\n\t\t\t\t\tsetREVStartSize({c: 'rev_slider_58_1',rl:[1240,1024,778,480],el:[600,600,500,400],gw:[1200,700,400,300],gh:[600,600,500,400],type:'carousel',justify:'',layout:'fullwidth',mh:\"0\"});if (window.RS_MODULES!==undefined && window.RS_MODULES.modules!==undefined && window.RS_MODULES.modules[\"revslider581\"]!==undefined) {window.RS_MODULES.modules[\"revslider581\"].once = false;window.revapi58 = undefined;if (window.RS_MODULES.checkMinimal!==undefined) window.RS_MODULES.checkMinimal()}\n\t\t\t\t<\/script>\n\t\t\t<\/rs-module-wrap>\n\t\t\t<!-- END REVOLUTION SLIDER -->\n<\/div>\n\n\t\t\t\t<\/div>\n\t\t\t\t<\/div>\n\t\t\t\t\t<\/div>\n\t\t<\/div>\n\t\t\t\t\t<\/div>\n\t\t<\/section>\n\t\t\t\t<\/div>\n\t\t","protected":false},"excerpt":{"rendered":"<p>Home \u0110i\u1ec3m \u0110\u1ebfn Ho\u00e0n H\u1ea3o Tr\u1ea3i nghi\u1ec7m ti\u00eau chu\u1ea9n s\u1ed1ng v\u00e0 ngh\u1ec9 d\u01b0\u1ee1ng sang tr\u1ecdng t\u1ea1i Meli\u00e1 H\u1ed3 Tr\u00e0m, th\u1ec3 hi\u1ec7n qua c\u00e1c d\u1ecbch v\u1ee5 xung quanh Meli\u00e1. Ch\u1ec9 m\u1ea5t v\u00e0i ph\u00fat l\u00e1i xe, b\u1ea1n c\u00f3 th\u1ec3 tham gia c\u00e1c ho\u1ea1t \u0111\u1ed9ng kh\u00e1c t\u1ea1i H\u1ed3 Tr\u00e0m nh\u01b0 ch\u1ee3 h\u1ea3i s\u1ea3n, casino, s\u00e2n golf, khu b\u1ea3o [&hellip;]<\/p>\n","protected":false},"author":1,"featured_media":0,"parent":2825,"menu_order":0,"comment_status":"closed","ping_status":"closed","template":"","meta":{"footnotes":""},"class_list":["post-3867","page","type-page","status-publish","hentry"],"_links":{"self":[{"href":"https:\/\/thehamptons-hotram.com\/en\/wp-json\/wp\/v2\/pages\/3867","targetHints":{"allow":["GET"]}}],"collection":[{"href":"https:\/\/thehamptons-hotram.com\/en\/wp-json\/wp\/v2\/pages"}],"about":[{"href":"https:\/\/thehamptons-hotram.com\/en\/wp-json\/wp\/v2\/types\/page"}],"author":[{"embeddable":true,"href":"https:\/\/thehamptons-hotram.com\/en\/wp-json\/wp\/v2\/users\/1"}],"replies":[{"embeddable":true,"href":"https:\/\/thehamptons-hotram.com\/en\/wp-json\/wp\/v2\/comments?post=3867"}],"version-history":[{"count":0,"href":"https:\/\/thehamptons-hotram.com\/en\/wp-json\/wp\/v2\/pages\/3867\/revisions"}],"up":[{"embeddable":true,"href":"https:\/\/thehamptons-hotram.com\/en\/wp-json\/wp\/v2\/pages\/2825"}],"wp:attachment":[{"href":"https:\/\/thehamptons-hotram.com\/en\/wp-json\/wp\/v2\/media?parent=3867"}],"curies":[{"name":"wp","href":"https:\/\/api.w.org\/{rel}","templated":true}]}}